{"id":121,"date":"2021-07-13T14:04:24","date_gmt":"2021-07-13T12:04:24","guid":{"rendered":"http:\/\/kresings.trivendi.de\/?page_id=121"},"modified":"2026-04-20T14:26:29","modified_gmt":"2026-04-20T12:26:29","slug":"kontakt","status":"publish","type":"page","link":"https:\/\/kresings.com\/en\/kontakt\/","title":{"rendered":"Contact"},"content":{"rendered":"<p><div class=\"fusion-fullwidth fullwidth-box fusion-builder-row-1 fusion-flex-container has-pattern-background has-mask-background fusion-parallax-none hundred-percent-fullwidth non-hundred-percent-height-scrolling\" style=\"--awb-background-position:center bottom;--awb-border-radius-top-left:0px;--awb-border-radius-top-right:0px;--awb-border-radius-bottom-right:0px;--awb-border-radius-bottom-left:0px;--awb-padding-right:26px;--awb-padding-left:26px;--awb-padding-right-small:12px;--awb-padding-left-small:12px;--awb-margin-bottom:85px;--awb-margin-bottom-medium:15px;--awb-margin-bottom-small:15px;--awb-min-height:550px;--awb-min-height-medium:933px;--awb-min-height-small:675px;--awb-background-image:url(&quot;https:\/\/kresings.com\/wp-content\/uploads\/2021\/07\/kresings_architektur-kopfmotiv_kontakt-2.png&quot;);--awb-background-size:cover;--awb-flex-wrap:wrap;\" ><div class=\"fusion-builder-row fusion-row fusion-flex-align-items-flex-start fusion-flex-content-wrap\" style=\"width:104% !important;max-width:104% !important;margin-left: calc(-4% \/ 2 );margin-right: calc(-4% \/ 2 );\"><\/div><\/div><div class=\"fusion-fullwidth fullwidth-box fusion-builder-row-2 fusion-flex-container nonhundred-percent-fullwidth non-hundred-percent-height-scrolling\" style=\"--awb-border-radius-top-left:0px;--awb-border-radius-top-right:0px;--awb-border-radius-bottom-right:0px;--awb-border-radius-bottom-left:0px;--awb-padding-bottom:215px;--awb-padding-right-medium:26px;--awb-padding-bottom-medium:115px;--awb-padding-left-medium:26px;--awb-padding-right-small:12px;--awb-padding-bottom-small:75px;--awb-padding-left-small:12px;--awb-flex-wrap:wrap;\" ><div class=\"fusion-builder-row fusion-row fusion-flex-align-items-stretch fusion-flex-content-wrap\" style=\"max-width:1601.6px;margin-left: calc(-4% \/ 2 );margin-right: calc(-4% \/ 2 );\"><div class=\"fusion-layout-column fusion_builder_column fusion-builder-column-0 fusion_builder_column_1_2 1_2 fusion-flex-column\" style=\"--awb-bg-size:cover;--awb-width-large:50%;--awb-margin-top-large:0px;--awb-spacing-right-large:3.84%;--awb-margin-bottom-large:20px;--awb-spacing-left-large:3.84%;--awb-width-medium:100%;--awb-order-medium:0;--awb-spacing-right-medium:1.92%;--awb-spacing-left-medium:1.92%;--awb-width-small:100%;--awb-order-small:0;--awb-spacing-right-small:1.92%;--awb-spacing-left-small:1.92%;\"><div class=\"fusion-column-wrapper fusion-column-has-shadow fusion-flex-justify-content-space-between fusion-content-layout-column\"><div class=\"fusion-title title fusion-title-1 fusion-sep-none fusion-title-text fusion-title-size-three title-contact\" style=\"--awb-margin-bottom-medium:95px;\"><h3 class=\"fusion-title-heading title-heading-left\" style=\"margin:0;\">M\u00fcnster<\/h3><\/div><div class=\"fusion-text fusion-text-1\" style=\"--awb-text-transform:none;--awb-text-font-family:&quot;Maison Neue Extended Book&quot;;--awb-text-font-style:normal;--awb-text-font-weight:400;\"><p>KRESINGS Architektur M\u00fcnster GmbH<br \/>\nLingener Stra\u00dfe 12<br \/>\nD-48155 M\u00fcnster<\/p>\n<p>Fon: +49 251 98778-0<br \/>\nMail: info@kresings.com<\/p>\n<p>F\u00fcr Besucher stehen Parkpl\u00e4tze im Hof zur Verf\u00fcgung.<\/p>\n<\/div><\/div><\/div><div class=\"fusion-layout-column fusion_builder_column fusion-builder-column-1 fusion_builder_column_1_2 1_2 fusion-flex-column\" style=\"--awb-bg-size:cover;--awb-width-large:50%;--awb-margin-top-large:0px;--awb-spacing-right-large:3.84%;--awb-margin-bottom-large:20px;--awb-spacing-left-large:3.84%;--awb-width-medium:100%;--awb-order-medium:0;--awb-spacing-right-medium:1.92%;--awb-spacing-left-medium:1.92%;--awb-width-small:100%;--awb-order-small:0;--awb-spacing-right-small:1.92%;--awb-spacing-left-small:1.92%;\"><div class=\"fusion-column-wrapper fusion-column-has-shadow fusion-flex-justify-content-flex-start fusion-content-layout-column\">\t\t\t\t\t<script type=\"text\/javascript\">\n\t\t\t\t\t\tvar map_fusion_map_69f8b2184b659;\n\t\t\t\t\t\tvar markers = [];\n\t\t\t\t\t\tvar counter = 0;\n\t\t\t\t\t\t\t\t\t\t\t\t\t\t\t\t\t\t\t\tvar fusionMapNonce = '519057d55a';\n\t\t\t\t\t\t\t\t\t\t\t\tfunction fusion_run_map_fusion_map_69f8b2184b659() {\n\t\t\t\t\t\t\tjQuery ('#fusion_map_69f8b2184b659' ).fusion_maps( {\n\t\t\t\t\t\t\t\taddresses: [{\"address\":\"KRESINGS Architektur M\\u00fcnster GmbH<br \\\/>\\nLingener Stra\\u00dfe 12<br \\\/>\\n48155 M\\u00fcnster\",\"infobox_content\":\"KRESINGS Architektur M\\u00fcnster GmbH<br \\\/>\\\\nLingener Stra\\u00dfe 12<br \\\/>\\\\n48155 M\\u00fcnster\",\"coordinates\":false,\"cache\":true,\"latitude\":\"51.953456\",\"longitude\":\"7.639113\"}],\n\t\t\t\t\t\t\t\tanimations: false,\n\t\t\t\t\t\t\t\tinfobox_background_color: '',\n\t\t\t\t\t\t\t\tinfobox_styling: 'default',\n\t\t\t\t\t\t\t\tinfobox_text_color: '',\n\t\t\t\t\t\t\t\tmap_style: 'default',\n\t\t\t\t\t\t\t\tmap_type: 'roadmap',\n\t\t\t\t\t\t\t\tmarker_icon: '',\n\t\t\t\t\t\t\t\toverlay_color: '',\n\t\t\t\t\t\t\t\toverlay_color_hsl: {\"hue\":0,\"sat\":0,\"lum\":100},\n\t\t\t\t\t\t\t\tshow_address: false,\n\t\t\t\t\t\t\t\tscale_control: false,\n\t\t\t\t\t\t\t\tscrollwheel: false,\n\t\t\t\t\t\t\t\tzoom: 14,\n\t\t\t\t\t\t\t\tzoom_control: false,\n\t\t\t\t\t\t\t} );\n\t\t\t\t\t\t}\n\n\t\t\t\t\t\tgoogle.maps.event.addDomListener(window, 'load', fusion_run_map_fusion_map_69f8b2184b659);\n\t\t\t\t\t<\/script>\n\t\t\t\t\t<div class=\"shortcode-map fusion-google-map fusion-maps-js-type\" style=\"--awb-height:470px;--awb-width:740px;\" id=\"fusion_map_69f8b2184b659\"><\/div><\/div><\/div><\/div><\/div><div class=\"fusion-fullwidth fullwidth-box fusion-builder-row-3 fusion-flex-container nonhundred-percent-fullwidth non-hundred-percent-height-scrolling\" style=\"--awb-border-radius-top-left:0px;--awb-border-radius-top-right:0px;--awb-border-radius-bottom-right:0px;--awb-border-radius-bottom-left:0px;--awb-padding-bottom:215px;--awb-padding-right-medium:26px;--awb-padding-bottom-medium:115px;--awb-padding-left-medium:26px;--awb-padding-right-small:12px;--awb-padding-bottom-small:75px;--awb-padding-left-small:12px;--awb-flex-wrap:wrap;\" ><div class=\"fusion-builder-row fusion-row fusion-flex-align-items-stretch fusion-flex-content-wrap\" style=\"max-width:1601.6px;margin-left: calc(-4% \/ 2 );margin-right: calc(-4% \/ 2 );\"><div class=\"fusion-layout-column fusion_builder_column fusion-builder-column-2 fusion_builder_column_1_2 1_2 fusion-flex-column\" style=\"--awb-bg-size:cover;--awb-width-large:50%;--awb-margin-top-large:0px;--awb-spacing-right-large:3.84%;--awb-margin-bottom-large:20px;--awb-spacing-left-large:3.84%;--awb-width-medium:100%;--awb-order-medium:0;--awb-spacing-right-medium:1.92%;--awb-spacing-left-medium:1.92%;--awb-width-small:100%;--awb-order-small:0;--awb-spacing-right-small:1.92%;--awb-spacing-left-small:1.92%;\"><div class=\"fusion-column-wrapper fusion-column-has-shadow fusion-flex-justify-content-space-between fusion-content-layout-column\"><div class=\"fusion-title title fusion-title-2 fusion-sep-none fusion-title-text fusion-title-size-three title-contact\" style=\"--awb-margin-bottom-medium:95px;\"><h3 class=\"fusion-title-heading title-heading-left\" style=\"font-family:&quot;Maison Neue Extended Book&quot;;font-style:normal;font-weight:400;margin:0;\">D\u00fcsseldorf<\/h3><\/div><div class=\"fusion-text fusion-text-2\" style=\"--awb-text-transform:none;--awb-text-font-family:&quot;Maison Neue Extended Book&quot;;--awb-text-font-style:normal;--awb-text-font-weight:400;\"><p>KRESINGS Architektur D\u00fcsseldorf GmbH<br \/>\nScheibenstra\u00dfe 45<br \/>\nD-40479 D\u00fcsseldorf<\/p>\n<p>Fon: +49 211 4976959-0<br \/>\nMail: info@kresings.com<\/p>\n<p>Kostenpflichtige Parkm\u00f6glichkeiten f\u00fcr Besucher gibt es im Parkhaus Scheibenstra\u00dfe 2 oder auf dem Parkplatz Inselstra\u00dfe 40 (am Kunstpalast).<\/p>\n<\/div><\/div><\/div><div class=\"fusion-layout-column fusion_builder_column fusion-builder-column-3 fusion_builder_column_1_2 1_2 fusion-flex-column\" style=\"--awb-bg-size:cover;--awb-width-large:50%;--awb-margin-top-large:0px;--awb-spacing-right-large:3.84%;--awb-margin-bottom-large:20px;--awb-spacing-left-large:3.84%;--awb-width-medium:100%;--awb-order-medium:0;--awb-spacing-right-medium:1.92%;--awb-spacing-left-medium:1.92%;--awb-width-small:100%;--awb-order-small:0;--awb-spacing-right-small:1.92%;--awb-spacing-left-small:1.92%;\"><div class=\"fusion-column-wrapper fusion-column-has-shadow fusion-flex-justify-content-flex-start fusion-content-layout-column\">\t\t\t\t\t<script type=\"text\/javascript\">\n\t\t\t\t\t\tvar map_fusion_map_69f8b2184c20c;\n\t\t\t\t\t\tvar markers = [];\n\t\t\t\t\t\tvar counter = 0;\n\t\t\t\t\t\t\t\t\t\t\t\tfunction fusion_run_map_fusion_map_69f8b2184c20c() {\n\t\t\t\t\t\t\tjQuery ('#fusion_map_69f8b2184c20c' ).fusion_maps( {\n\t\t\t\t\t\t\t\taddresses: [{\"address\":\"KRESINGS Architektur D\\u00fcsseldorf GmbH<br \\\/>\\nScheibenstra\\u00dfe 45<br \\\/>\\n40479 D\\u00fcsseldorf\",\"infobox_content\":\"KRESINGS Architektur D\\u00fcsseldorf GmbH<br \\\/>\\\\nScheibenstra\\u00dfe 45<br \\\/>\\\\n40479 D\\u00fcsseldorf\",\"coordinates\":false,\"cache\":true,\"latitude\":\"51.2343711\",\"longitude\":\"6.774615400000001\"}],\n\t\t\t\t\t\t\t\tanimations: false,\n\t\t\t\t\t\t\t\tinfobox_background_color: '',\n\t\t\t\t\t\t\t\tinfobox_styling: 'default',\n\t\t\t\t\t\t\t\tinfobox_text_color: '',\n\t\t\t\t\t\t\t\tmap_style: 'default',\n\t\t\t\t\t\t\t\tmap_type: 'roadmap',\n\t\t\t\t\t\t\t\tmarker_icon: '',\n\t\t\t\t\t\t\t\toverlay_color: '',\n\t\t\t\t\t\t\t\toverlay_color_hsl: {\"hue\":0,\"sat\":0,\"lum\":100},\n\t\t\t\t\t\t\t\tshow_address: false,\n\t\t\t\t\t\t\t\tscale_control: false,\n\t\t\t\t\t\t\t\tscrollwheel: false,\n\t\t\t\t\t\t\t\tzoom: 14,\n\t\t\t\t\t\t\t\tzoom_control: false,\n\t\t\t\t\t\t\t} );\n\t\t\t\t\t\t}\n\n\t\t\t\t\t\tgoogle.maps.event.addDomListener(window, 'load', fusion_run_map_fusion_map_69f8b2184c20c);\n\t\t\t\t\t<\/script>\n\t\t\t\t\t<div class=\"shortcode-map fusion-google-map fusion-maps-js-type\" style=\"--awb-height:470px;--awb-width:740px;\" id=\"fusion_map_69f8b2184c20c\"><\/div><\/div><\/div><\/div><\/div><div class=\"fusion-fullwidth fullwidth-box fusion-builder-row-4 fusion-flex-container nonhundred-percent-fullwidth non-hundred-percent-height-scrolling\" style=\"--awb-border-radius-top-left:0px;--awb-border-radius-top-right:0px;--awb-border-radius-bottom-right:0px;--awb-border-radius-bottom-left:0px;--awb-padding-right-medium:26px;--awb-padding-left-medium:26px;--awb-padding-right-small:12px;--awb-padding-left-small:12px;--awb-margin-bottom:170px;--awb-flex-wrap:wrap;\" ><div class=\"fusion-builder-row fusion-row fusion-flex-align-items-stretch fusion-flex-content-wrap\" style=\"max-width:1601.6px;margin-left: calc(-4% \/ 2 );margin-right: calc(-4% \/ 2 );\"><div class=\"fusion-layout-column fusion_builder_column fusion-builder-column-4 fusion_builder_column_1_2 1_2 fusion-flex-column\" style=\"--awb-bg-size:cover;--awb-width-large:50%;--awb-margin-top-large:0px;--awb-spacing-right-large:3.84%;--awb-margin-bottom-large:20px;--awb-spacing-left-large:3.84%;--awb-width-medium:100%;--awb-order-medium:0;--awb-spacing-right-medium:1.92%;--awb-margin-bottom-medium:215px;--awb-spacing-left-medium:1.92%;--awb-width-small:100%;--awb-order-small:0;--awb-spacing-right-small:1.92%;--awb-margin-bottom-small:100px;--awb-spacing-left-small:1.92%;\"><div class=\"fusion-column-wrapper fusion-column-has-shadow fusion-flex-justify-content-flex-start fusion-content-layout-column\"><div class=\"fusion-title title fusion-title-3 fusion-sep-none fusion-title-text fusion-title-size-three title-contact\"><h3 class=\"fusion-title-heading title-heading-left\" style=\"font-family:&quot;Maison Neue Extended Book&quot;;font-style:normal;font-weight:400;margin:0;\">Press Contact<\/h3><\/div><div class=\"fusion-text fusion-text-3\" style=\"--awb-text-font-family:&quot;Maison Neue Extended Book&quot;;--awb-text-font-style:normal;--awb-text-font-weight:400;\"><p>Fon: +49 211 4976959-37<br \/>\nMail: press@kresings.com<\/p>\n<\/div><\/div><\/div><div class=\"fusion-layout-column fusion_builder_column fusion-builder-column-5 fusion_builder_column_1_2 1_2 fusion-flex-column\" style=\"--awb-bg-size:cover;--awb-width-large:50%;--awb-margin-top-large:0px;--awb-spacing-right-large:3.84%;--awb-margin-bottom-large:20px;--awb-spacing-left-large:3.84%;--awb-width-medium:100%;--awb-order-medium:0;--awb-spacing-right-medium:1.92%;--awb-spacing-left-medium:1.92%;--awb-width-small:100%;--awb-order-small:0;--awb-spacing-right-small:1.92%;--awb-spacing-left-small:1.92%;\"><div class=\"fusion-column-wrapper fusion-column-has-shadow fusion-flex-justify-content-flex-start fusion-content-layout-column\"><div class=\"fusion-title title fusion-title-4 fusion-sep-none fusion-title-text fusion-title-size-three title-contact\"><h3 class=\"fusion-title-heading title-heading-left\" style=\"font-family:&quot;Maison Neue Extended Book&quot;;font-style:normal;font-weight:400;margin:0;\">Jobs Contact<\/h3><\/div><div class=\"fusion-text fusion-text-4\" style=\"--awb-text-font-family:&quot;Maison Neue Extended Book&quot;;--awb-text-font-style:normal;--awb-text-font-weight:400;\"><p>Fon: +49 211 4976959-37<br \/>\nMail: jobs@kresings.com<\/p>\n<\/div><\/div><\/div><\/div><\/div><\/p>\n","protected":false},"excerpt":{"rendered":"","protected":false},"author":4,"featured_media":0,"parent":0,"menu_order":0,"comment_status":"closed","ping_status":"closed","template":"100-width.php","meta":{"footnotes":""},"class_list":["post-121","page","type-page","status-publish","hentry"],"_links":{"self":[{"href":"https:\/\/kresings.com\/en\/wp-json\/wp\/v2\/pages\/121","targetHints":{"allow":["GET"]}}],"collection":[{"href":"https:\/\/kresings.com\/en\/wp-json\/wp\/v2\/pages"}],"about":[{"href":"https:\/\/kresings.com\/en\/wp-json\/wp\/v2\/types\/page"}],"author":[{"embeddable":true,"href":"https:\/\/kresings.com\/en\/wp-json\/wp\/v2\/users\/4"}],"replies":[{"embeddable":true,"href":"https:\/\/kresings.com\/en\/wp-json\/wp\/v2\/comments?post=121"}],"version-history":[{"count":10,"href":"https:\/\/kresings.com\/en\/wp-json\/wp\/v2\/pages\/121\/revisions"}],"predecessor-version":[{"id":10477,"href":"https:\/\/kresings.com\/en\/wp-json\/wp\/v2\/pages\/121\/revisions\/10477"}],"wp:attachment":[{"href":"https:\/\/kresings.com\/en\/wp-json\/wp\/v2\/media?parent=121"}],"curies":[{"name":"wp","href":"https:\/\/api.w.org\/{rel}","templated":true}]}}